{"id":404,"date":"2023-12-28T09:32:48","date_gmt":"2023-12-28T12:32:48","guid":{"rendered":"https:\/\/mestresdaweb.store\/pousadasplus\/?page_id=404"},"modified":"2023-12-28T09:36:11","modified_gmt":"2023-12-28T12:36:11","slug":"reservas","status":"publish","type":"page","link":"https:\/\/mestresdaweb.store\/pousadasplus\/reservas\/","title":{"rendered":"Reservas"},"content":{"rendered":"\t\t<div data-elementor-type=\"wp-page\" data-elementor-id=\"404\" class=\"elementor elementor-404\" data-elementor-post-type=\"page\">\n\t\t\t\t\t\t<section class=\"elementor-section elementor-top-section elementor-element elementor-element-56edbf0b elementor-section-boxed elementor-section-height-default elementor-section-height-default\" data-id=\"56edbf0b\" data-element_type=\"section\" data-settings=\"{&quot;background_background&quot;:&quot;classic&quot;}\">\n\t\t\t\t\t\t\t<div class=\"elementor-background-overlay\"><\/div>\n\t\t\t\t\t\t\t<div class=\"elementor-container elementor-column-gap-default\">\n\t\t\t\t\t<div class=\"elementor-column elementor-col-100 elementor-top-column elementor-element elementor-element-6a04d1d6\" data-id=\"6a04d1d6\" data-element_type=\"column\">\n\t\t\t<div class=\"elementor-widget-wrap\">\n\t\t\t\t\t\t\t<\/div>\n\t\t<\/div>\n\t\t\t\t\t<\/div>\n\t\t<\/section>\n\t\t\t\t<section class=\"elementor-section elementor-top-section elementor-element elementor-element-56a324f2 elementor-section-boxed elementor-section-height-default elementor-section-height-default\" data-id=\"56a324f2\" data-element_type=\"section\">\n\t\t\t\t\t\t<div class=\"elementor-container elementor-column-gap-default\">\n\t\t\t\t\t<div class=\"elementor-column elementor-col-100 elementor-top-column elementor-element elementor-element-16bd42bf\" data-id=\"16bd42bf\" data-element_type=\"column\">\n\t\t\t<div class=\"elementor-widget-wrap elementor-element-populated\">\n\t\t\t\t\t\t<section class=\"elementor-section elementor-inner-section elementor-element elementor-element-1ce207c elementor-section-boxed elementor-section-height-default elementor-section-height-default\" data-id=\"1ce207c\" data-element_type=\"section\">\n\t\t\t\t\t\t<div class=\"elementor-container elementor-column-gap-default\">\n\t\t\t\t\t<div class=\"elementor-column elementor-col-100 elementor-inner-column elementor-element elementor-element-f48a3ee\" data-id=\"f48a3ee\" data-element_type=\"column\">\n\t\t\t<div class=\"elementor-widget-wrap elementor-element-populated\">\n\t\t\t\t\t\t<div class=\"elementor-element elementor-element-60d2c76 elementor-invisible elementor-widget elementor-widget-elementskit-heading\" data-id=\"60d2c76\" data-element_type=\"widget\" data-settings=\"{&quot;_animation&quot;:&quot;fadeInUp&quot;}\" data-widget_type=\"elementskit-heading.default\">\n\t\t\t\t<div class=\"elementor-widget-container\">\n\t\t\t<div class=\"ekit-wid-con\" ><div class=\"ekit-heading elementskit-section-title-wraper text_center   ekit_heading_tablet-   ekit_heading_mobile-\"><h2 class=\"ekit-heading--title elementskit-section-title \">\n\t\t\t\t\tEscolha a data de sua estadia:\n\t\t\t\t<\/h2><\/div><\/div>\t\t<\/div>\n\t\t\t\t<\/div>\n\t\t\t\t<div class=\"elementor-element elementor-element-b3e86d0 elementor-widget elementor-widget-wc-add-to-cart\" data-id=\"b3e86d0\" data-element_type=\"widget\" data-widget_type=\"wc-add-to-cart.default\">\n\t\t\t\t<div class=\"elementor-widget-container\">\n\t\t\t<link rel=\"stylesheet\" href=\"https:\/\/mestresdaweb.store\/pousadasplus\/wp-content\/plugins\/elementor-pro\/assets\/css\/widget-woocommerce.min.css\">\n<noscript>Por favor, use um browser com suporte a JavaScript.<\/noscript>\n\n<form class=\"cart\" style=\"display: block; border: 0;\" method=\"post\" enctype='multipart\/form-data' data-nonce=\"6a6eed6994\">\n\n\t<div id=\"wc-bookings-booking-form\" class=\"wc-bookings-booking-form\" style=\"display:none; border: 0;\">\n\n\t\t\n\t\t<p class=\"form-field form-field-wide wc_bookings_field_duration\">\n\t<label style=\"color: #ffffff;\" for=\"wc_bookings_field_duration\">Dura\u00e7\u00e3o:<\/label>\n\t<input\n\t\ttype=\"number\"\n\t\tvalue=\"1\"\n\t\tstep=\"1\"\n\t\tmin=\"1\"\n\t\tmax=\"30\"\n\t\tname=\"wc_bookings_field_duration\"\n\t\tid=\"wc_bookings_field_duration\"\n\t\t\/> Noite(s)<\/p>\n<p class=\"form-field form-field-wide wc_bookings_field_persons\">\n\t<label style=\"color: #ffffff;\" for=\"wc_bookings_field_persons\">Pessoas:<\/label>\n\t<input\n\t\ttype=\"number\"\n\t\tvalue=\"1\"\n\t\tstep=\"1\"\n\t\tmin=\"1\"\n\t\tmax=\"4\"\n\t\tname=\"wc_bookings_field_persons\"\n\t\tid=\"wc_bookings_field_persons\"\n\t\t\/> <\/p>\n<fieldset style=\"border: 0; padding: 0;\" class=\"wc-bookings-date-picker wc-bookings-date-picker-accommodation-booking wc_bookings_field_start_date\">\n\t<div class=\"picker\" data-display=\"always_visible\" data-duration-unit=\"night\" data-default-availability=\"true\" data-min_date=\"0\" data-max_date=\"+12m\" data-default_date=\"2026-04-28\" data-is_range_picker_enabled=\"1\"><\/div>\n\n\t\t<div class=\"wc-bookings-date-picker-date-fields\">\n\t\t\t\t\t<span>Check-in:<\/span><br \/>\n\t\t\n\t\t\t\t<label>\n\t\t\t<input type=\"text\" autocomplete=\"off\" name=\"wc_bookings_field_start_date_day\" placeholder=\"dd\" size=\"2\" class=\"booking_date_day\" \/>\n\t\t\t<span>Dia<\/span>\n\t\t<\/label> \/ <label>\n\t\t\t<input type=\"text\" autocomplete=\"off\" name=\"wc_bookings_field_start_date_month\" placeholder=\"mm\" size=\"2\" class=\"booking_date_month\" \/>\n\t\t\t<span>M\u00eas<\/span>\n\t\t<\/label>\n\t\t \/ <label>\n\t\t\t<input type=\"text\" autocomplete=\"off\" value=\"2026\" name=\"wc_bookings_field_start_date_year\" placeholder=\"AAAA\" size=\"4\" class=\"booking_date_year\" \/>\n\t\t\t<span>Ano<\/span>\n\t\t<\/label>\n\t<\/div>\n\n\t\t\t<div class=\"wc-bookings-date-picker-date-fields\">\n\t\t\t<span>Check-out:<\/span><br \/>\n\t\t\t\t\t\t<label>\n\t\t\t\t<input type=\"text\" autocomplete=\"off\" name=\"wc_bookings_field_start_date_to_day\" placeholder=\"dd\" size=\"2\" class=\"booking_to_date_day\" \/>\n\t\t\t\t<span>Dia<\/span>\n\t\t\t<\/label> \/ <label>\n\t\t\t\t<input type=\"text\" name=\"wc_bookings_field_start_date_to_month\" placeholder=\"mm\" size=\"2\" class=\"booking_to_date_month\" \/>\n\t\t\t\t<span>M\u00eas<\/span>\n\t\t\t<\/label>\n\t\t\t \/ <label>\n\t\t\t\t<input type=\"text\" autocomplete=\"off\" value=\"2026\" name=\"wc_bookings_field_start_date_to_year\" placeholder=\"AAAA\" size=\"4\" class=\"booking_to_date_year\" \/>\n\t\t\t\t<span>Ano<\/span>\n\t\t\t<\/label>\n\t\t<\/div>\n\t<\/fieldset>\n\n\t\t<div class=\"wc-bookings-booking-cost\" style=\"display:none\" data-raw-price=\"\"><\/div>\n\n\t<\/div>\n\n\t\n\t<input type=\"hidden\" name=\"add-to-cart\" value=\"403\" class=\"wc-booking-product-id\" \/>\n\n\t<button type=\"submit\" class=\"wc-bookings-booking-form-button single_add_to_cart_button elementor-button button alt disabled\" style=\"margin-left: 16px; display:none; color: #ffffff;\">Reservar agora<\/button>\n\n\n<\/form>\n\n\t\t<\/div>\n\t\t\t\t<\/div>\n\t\t\t\t\t<\/div>\n\t\t<\/div>\n\t\t\t\t\t<\/div>\n\t\t<\/section>\n\t\t\t\t\t<\/div>\n\t\t<\/div>\n\t\t\t\t\t<\/div>\n\t\t<\/section>\n\t\t\t\t<section class=\"elementor-section elementor-top-section elementor-element elementor-element-2dcaa254 elementor-section-boxed elementor-section-height-default elementor-section-height-default\" data-id=\"2dcaa254\" data-element_type=\"section\" data-settings=\"{&quot;background_background&quot;:&quot;classic&quot;}\">\n\t\t\t\t\t\t<div class=\"elementor-container elementor-column-gap-default\">\n\t\t\t\t\t<div class=\"elementor-column elementor-col-100 elementor-top-column elementor-element elementor-element-5f3462ae\" data-id=\"5f3462ae\" data-element_type=\"column\">\n\t\t\t<div class=\"elementor-widget-wrap elementor-element-populated\">\n\t\t\t\t\t\t<section class=\"elementor-section elementor-inner-section elementor-element elementor-element-7dc6fd40 elementor-section-boxed elementor-section-height-default elementor-section-height-default elementor-invisible\" data-id=\"7dc6fd40\" data-element_type=\"section\" data-settings=\"{&quot;animation&quot;:&quot;fadeInUp&quot;}\">\n\t\t\t\t\t\t<div class=\"elementor-container elementor-column-gap-default\">\n\t\t\t\t\t<div class=\"elementor-column elementor-col-100 elementor-inner-column elementor-element elementor-element-50181ddd\" data-id=\"50181ddd\" data-element_type=\"column\">\n\t\t\t<div class=\"elementor-widget-wrap elementor-element-populated\">\n\t\t\t\t\t\t<div class=\"elementor-element elementor-element-55f4725a elementor-widget elementor-widget-elementskit-heading\" data-id=\"55f4725a\" data-element_type=\"widget\" data-widget_type=\"elementskit-heading.default\">\n\t\t\t\t<div class=\"elementor-widget-container\">\n\t\t\t<div class=\"ekit-wid-con\" ><div class=\"ekit-heading elementskit-section-title-wraper text_center   ekit_heading_tablet-   ekit_heading_mobile-\"><h2 class=\"ekit-heading--title elementskit-section-title \">\n\t\t\t\t\tEstadia com charme e conforto\n\t\t\t\t<\/h2>\t\t\t\t<div class='ekit-heading__description'>\n\t\t\t\t\t<p>A Hospedagem V\u00f3 Lina fica a 1,9 km do Pal\u00e1cio dos Festivais e da Igreja de S\u00e3o Pedro. O aeroporto mais pr\u00f3ximo \u00e9 o Aeroporto Regional Hugo Cantergiani, a 68 km da acomoda\u00e7\u00e3o.<\/p>\n\t\t\t\t<\/div>\n\t\t\t<\/div><\/div>\t\t<\/div>\n\t\t\t\t<\/div>\n\t\t\t\t\t<\/div>\n\t\t<\/div>\n\t\t\t\t\t<\/div>\n\t\t<\/section>\n\t\t\t\t<div class=\"elementor-element elementor-element-26cfb19 elementor-arrows-position-inside elementor-pagination-position-outside elementor-widget elementor-widget-image-carousel\" data-id=\"26cfb19\" data-element_type=\"widget\" data-settings=\"{&quot;navigation&quot;:&quot;both&quot;,&quot;autoplay&quot;:&quot;yes&quot;,&quot;pause_on_hover&quot;:&quot;yes&quot;,&quot;pause_on_interaction&quot;:&quot;yes&quot;,&quot;autoplay_speed&quot;:5000,&quot;infinite&quot;:&quot;yes&quot;,&quot;speed&quot;:500}\" data-widget_type=\"image-carousel.default\">\n\t\t\t\t<div class=\"elementor-widget-container\">\n\t\t\t<style>\/*! elementor - v3.23.0 - 05-08-2024 *\/\n.elementor-widget-image-carousel .swiper,.elementor-widget-image-carousel .swiper-container{position:static}.elementor-widget-image-carousel .swiper-container .swiper-slide figure,.elementor-widget-image-carousel .swiper .swiper-slide figure{line-height:inherit}.elementor-widget-image-carousel .swiper-slide{text-align:center}.elementor-image-carousel-wrapper:not(.swiper-container-initialized):not(.swiper-initialized) .swiper-slide{max-width:calc(100% \/ var(--e-image-carousel-slides-to-show, 3))}<\/style>\t\t<div class=\"elementor-image-carousel-wrapper swiper\" dir=\"ltr\">\n\t\t\t<div class=\"elementor-image-carousel swiper-wrapper\" aria-live=\"off\">\n\t\t\t\t\t\t\t\t<div class=\"swiper-slide\" role=\"group\" aria-roledescription=\"slide\" aria-label=\"1 de 8\"><figure class=\"swiper-slide-inner\"><img decoding=\"async\" class=\"swiper-slide-image\" src=\"https:\/\/mestresdaweb.store\/pousadasplus\/wp-content\/uploads\/elementor\/thumbs\/367464519-pr52dixhjhnfvg8qnhvu57oza6k6zik5t1p32uff08.jpg\" alt=\"367464519\" \/><\/figure><\/div><div class=\"swiper-slide\" role=\"group\" aria-roledescription=\"slide\" aria-label=\"2 de 8\"><figure class=\"swiper-slide-inner\"><img decoding=\"async\" class=\"swiper-slide-image\" src=\"https:\/\/mestresdaweb.store\/pousadasplus\/wp-content\/uploads\/elementor\/thumbs\/278046569-pr52dh1t5tkv88bgyh2l08623etgk4cp4se44ai7co.jpg\" alt=\"278046569\" \/><\/figure><\/div><div class=\"swiper-slide\" role=\"group\" aria-roledescription=\"slide\" aria-label=\"3 de 8\"><figure class=\"swiper-slide-inner\"><img decoding=\"async\" class=\"swiper-slide-image\" src=\"https:\/\/mestresdaweb.store\/pousadasplus\/wp-content\/uploads\/elementor\/thumbs\/278046574-pr52df64s5ial0e79g9bv8n4wn2q4q58gj355qkzp4.jpg\" alt=\"278046574\" \/><\/figure><\/div><div class=\"swiper-slide\" role=\"group\" aria-roledescription=\"slide\" aria-label=\"4 de 8\"><figure class=\"swiper-slide-inner\"><img decoding=\"async\" class=\"swiper-slide-image\" src=\"https:\/\/mestresdaweb.store\/pousadasplus\/wp-content\/uploads\/elementor\/thumbs\/278046575-pr52ddagehfpxsgxkfg2q947pvbzpbxrs9s676ns1k.jpg\" alt=\"278046575\" \/><\/figure><\/div><div class=\"swiper-slide\" role=\"group\" aria-roledescription=\"slide\" aria-label=\"5 de 8\"><figure class=\"swiper-slide-inner\"><img decoding=\"async\" class=\"swiper-slide-image\" src=\"https:\/\/mestresdaweb.store\/pousadasplus\/wp-content\/uploads\/elementor\/thumbs\/278046572-pr52dbes0td5akjnvemtl9laj3l99xqb40h78mqke0.jpg\" alt=\"278046572\" \/><\/figure><\/div><div class=\"swiper-slide\" role=\"group\" aria-roledescription=\"slide\" aria-label=\"6 de 8\"><figure class=\"swiper-slide-inner\"><img decoding=\"async\" class=\"swiper-slide-image\" src=\"https:\/\/mestresdaweb.store\/pousadasplus\/wp-content\/uploads\/elementor\/thumbs\/278046557-pr52dbes0td5akjnvemtl9laj3l99xqb40h78mqke0.jpg\" alt=\"278046557\" \/><\/figure><\/div><div class=\"swiper-slide\" role=\"group\" aria-roledescription=\"slide\" aria-label=\"7 de 8\"><figure class=\"swiper-slide-inner\"><img decoding=\"async\" class=\"swiper-slide-image\" src=\"https:\/\/mestresdaweb.store\/pousadasplus\/wp-content\/uploads\/elementor\/thumbs\/278046555-pr52d9j3n5akncme6dtkga2dcbuiujiufr68a2tcqg.jpg\" alt=\"278046555\" \/><\/figure><\/div><div class=\"swiper-slide\" role=\"group\" aria-roledescription=\"slide\" aria-label=\"8 de 8\"><figure class=\"swiper-slide-inner\"><img decoding=\"async\" class=\"swiper-slide-image\" src=\"https:\/\/mestresdaweb.store\/pousadasplus\/wp-content\/uploads\/elementor\/thumbs\/278046553-pr52d7nf9h8004p4hd0bbajg5k3sf5bdrhv9biw52w.jpg\" alt=\"278046553\" \/><\/figure><\/div>\t\t\t<\/div>\n\t\t\t\t\t\t\t\t\t\t\t\t<div class=\"elementor-swiper-button elementor-swiper-button-prev\" role=\"button\" tabindex=\"0\">\n\t\t\t\t\t\t<i aria-hidden=\"true\" class=\"eicon-chevron-left\"><\/i>\t\t\t\t\t<\/div>\n\t\t\t\t\t<div class=\"elementor-swiper-button elementor-swiper-button-next\" role=\"button\" tabindex=\"0\">\n\t\t\t\t\t\t<i aria-hidden=\"true\" class=\"eicon-chevron-right\"><\/i>\t\t\t\t\t<\/div>\n\t\t\t\t\n\t\t\t\t\t\t\t\t\t<div class=\"swiper-pagination\"><\/div>\n\t\t\t\t\t\t\t\t\t<\/div>\n\t\t\t\t<\/div>\n\t\t\t\t<\/div>\n\t\t\t\t\t<\/div>\n\t\t<\/div>\n\t\t\t\t\t<\/div>\n\t\t<\/section>\n\t\t\t\t<section class=\"elementor-section elementor-top-section elementor-element elementor-element-43a5a463 elementor-section-boxed elementor-section-height-default elementor-section-height-default\" data-id=\"43a5a463\" data-element_type=\"section\">\n\t\t\t\t\t\t<div class=\"elementor-container elementor-column-gap-default\">\n\t\t\t\t\t<div class=\"elementor-column elementor-col-100 elementor-top-column elementor-element elementor-element-4ceb4589\" data-id=\"4ceb4589\" data-element_type=\"column\">\n\t\t\t<div class=\"elementor-widget-wrap elementor-element-populated\">\n\t\t\t\t\t\t<section class=\"elementor-section elementor-inner-section elementor-element elementor-element-175a3c8b elementor-section-boxed elementor-section-height-default elementor-section-height-default elementor-invisible\" data-id=\"175a3c8b\" data-element_type=\"section\" data-settings=\"{&quot;animation&quot;:&quot;fadeInUp&quot;}\">\n\t\t\t\t\t\t<div class=\"elementor-container elementor-column-gap-default\">\n\t\t\t\t\t<div class=\"elementor-column elementor-col-100 elementor-inner-column elementor-element elementor-element-1c08b644\" data-id=\"1c08b644\" data-element_type=\"column\">\n\t\t\t<div class=\"elementor-widget-wrap elementor-element-populated\">\n\t\t\t\t\t\t<div class=\"elementor-element elementor-element-3260ba39 elementor-widget elementor-widget-elementskit-heading\" data-id=\"3260ba39\" data-element_type=\"widget\" data-widget_type=\"elementskit-heading.default\">\n\t\t\t\t<div class=\"elementor-widget-container\">\n\t\t\t<div class=\"ekit-wid-con\" ><div class=\"ekit-heading elementskit-section-title-wraper text_center   ekit_heading_tablet-   ekit_heading_mobile-\"><h2 class=\"ekit-heading--title elementskit-section-title \">\n\t\t\t\t\tLugar perfeito para fam\u00edlias! \u2764\n\t\t\t\t<\/h2>\t\t\t\t<div class='ekit-heading__description'>\n\t\t\t\t\t<p>Conhe\u00e7a a Hospedagem V\u00f3 Lina Gramado!<\/p>\n\t\t\t\t<\/div>\n\t\t\t<\/div><\/div>\t\t<\/div>\n\t\t\t\t<\/div>\n\t\t\t\t\t<\/div>\n\t\t<\/div>\n\t\t\t\t\t<\/div>\n\t\t<\/section>\n\t\t\t\t\t<\/div>\n\t\t<\/div>\n\t\t\t\t\t<\/div>\n\t\t<\/section>\n\t\t\t\t<\/div>\n\t\t","protected":false},"excerpt":{"rendered":"<p>Escolha a data de sua estadia: Por favor, use um browser com suporte a JavaScript. Dura\u00e7\u00e3o: Noite(s) Pessoas: Check-in: Dia \/ M\u00eas \/ Ano Check-out: Dia \/ M\u00eas \/ Ano Reservar agora Estadia com charme e conforto A Hospedagem V\u00f3 Lina fica a 1,9 km do Pal\u00e1cio dos Festivais e da Igreja de S\u00e3o Pedro. &hellip;<\/p>\n<p class=\"read-more\"> <a class=\"\" href=\"https:\/\/mestresdaweb.store\/pousadasplus\/reservas\/\"> <span class=\"screen-reader-text\">Reservas<\/span> Leia mais &raquo;<\/a><\/p>\n","protected":false},"author":1,"featured_media":0,"parent":0,"menu_order":0,"comment_status":"closed","ping_status":"closed","template":"elementor_header_footer","meta":{"site-sidebar-layout":"no-sidebar","site-content-layout":"page-builder","ast-global-header-display":"","ast-main-header-display":"","ast-hfb-above-header-display":"","ast-hfb-below-header-display":"","ast-hfb-mobile-header-display":"","site-post-title":"disabled","ast-breadcrumbs-content":"","ast-featured-img":"disabled","footer-sml-layout":"","theme-transparent-header-meta":"","adv-header-id-meta":"","stick-header-meta":"","header-above-stick-meta":"","header-main-stick-meta":"","header-below-stick-meta":"","footnotes":""},"class_list":["post-404","page","type-page","status-publish","hentry"],"yoast_head":"<!-- This site is optimized with the Yoast SEO plugin v22.7 - https:\/\/yoast.com\/wordpress\/plugins\/seo\/ -->\n<title>Reservas - Pousadas +<\/title>\n<meta name=\"robots\" content=\"index, follow, max-snippet:-1, max-image-preview:large, max-video-preview:-1\" \/>\n<link rel=\"canonical\" href=\"https:\/\/mestresdaweb.store\/pousadasplus\/reservas\/\" \/>\n<meta property=\"og:locale\" content=\"pt_BR\" \/>\n<meta property=\"og:type\" content=\"article\" \/>\n<meta property=\"og:title\" content=\"Reservas - Pousadas +\" \/>\n<meta property=\"og:description\" content=\"Escolha a data de sua estadia: Por favor, use um browser com suporte a JavaScript. Dura\u00e7\u00e3o: Noite(s) Pessoas: Check-in: Dia \/ M\u00eas \/ Ano Check-out: Dia \/ M\u00eas \/ Ano Reservar agora Estadia com charme e conforto A Hospedagem V\u00f3 Lina fica a 1,9 km do Pal\u00e1cio dos Festivais e da Igreja de S\u00e3o Pedro. &hellip; Reservas Leia mais &raquo;\" \/>\n<meta property=\"og:url\" content=\"https:\/\/mestresdaweb.store\/pousadasplus\/reservas\/\" \/>\n<meta property=\"og:site_name\" content=\"Pousadas +\" \/>\n<meta property=\"article:modified_time\" content=\"2023-12-28T12:36:11+00:00\" \/>\n<meta property=\"og:image\" content=\"https:\/\/mestresdaweb.store\/pousadasplus\/wp-content\/uploads\/elementor\/thumbs\/367464519-pr52djvbqboq727di0agppgfvkfk77nw56ckk4e0u0.jpg\" \/>\n<meta name=\"twitter:card\" content=\"summary_large_image\" \/>\n<meta name=\"twitter:label1\" content=\"Est. tempo de leitura\" \/>\n\t<meta name=\"twitter:data1\" content=\"4 minutos\" \/>\n<script type=\"application\/ld+json\" class=\"yoast-schema-graph\">{\"@context\":\"https:\/\/schema.org\",\"@graph\":[{\"@type\":\"WebPage\",\"@id\":\"https:\/\/mestresdaweb.store\/pousadasplus\/reservas\/\",\"url\":\"https:\/\/mestresdaweb.store\/pousadasplus\/reservas\/\",\"name\":\"Reservas - Pousadas +\",\"isPartOf\":{\"@id\":\"https:\/\/mestresdaweb.store\/pousadasplus\/#website\"},\"primaryImageOfPage\":{\"@id\":\"https:\/\/mestresdaweb.store\/pousadasplus\/reservas\/#primaryimage\"},\"image\":{\"@id\":\"https:\/\/mestresdaweb.store\/pousadasplus\/reservas\/#primaryimage\"},\"thumbnailUrl\":\"https:\/\/mestresdaweb.store\/pousadasplus\/wp-content\/uploads\/elementor\/thumbs\/367464519-pr52djvbqboq727di0agppgfvkfk77nw56ckk4e0u0.jpg\",\"datePublished\":\"2023-12-28T12:32:48+00:00\",\"dateModified\":\"2023-12-28T12:36:11+00:00\",\"breadcrumb\":{\"@id\":\"https:\/\/mestresdaweb.store\/pousadasplus\/reservas\/#breadcrumb\"},\"inLanguage\":\"pt-BR\",\"potentialAction\":[{\"@type\":\"ReadAction\",\"target\":[\"https:\/\/mestresdaweb.store\/pousadasplus\/reservas\/\"]}]},{\"@type\":\"ImageObject\",\"inLanguage\":\"pt-BR\",\"@id\":\"https:\/\/mestresdaweb.store\/pousadasplus\/reservas\/#primaryimage\",\"url\":\"https:\/\/mestresdaweb.store\/pousadasplus\/wp-content\/uploads\/elementor\/thumbs\/367464519-pr52djvbqboq727di0agppgfvkfk77nw56ckk4e0u0.jpg\",\"contentUrl\":\"https:\/\/mestresdaweb.store\/pousadasplus\/wp-content\/uploads\/elementor\/thumbs\/367464519-pr52djvbqboq727di0agppgfvkfk77nw56ckk4e0u0.jpg\"},{\"@type\":\"BreadcrumbList\",\"@id\":\"https:\/\/mestresdaweb.store\/pousadasplus\/reservas\/#breadcrumb\",\"itemListElement\":[{\"@type\":\"ListItem\",\"position\":1,\"name\":\"In\u00edcio\",\"item\":\"https:\/\/mestresdaweb.store\/pousadasplus\/\"},{\"@type\":\"ListItem\",\"position\":2,\"name\":\"Reservas\"}]},{\"@type\":\"WebSite\",\"@id\":\"https:\/\/mestresdaweb.store\/pousadasplus\/#website\",\"url\":\"https:\/\/mestresdaweb.store\/pousadasplus\/\",\"name\":\"Pousadas +\",\"description\":\"Site para Pousadas e Hostels\",\"publisher\":{\"@id\":\"https:\/\/mestresdaweb.store\/pousadasplus\/#organization\"},\"potentialAction\":[{\"@type\":\"SearchAction\",\"target\":{\"@type\":\"EntryPoint\",\"urlTemplate\":\"https:\/\/mestresdaweb.store\/pousadasplus\/?s={search_term_string}\"},\"query-input\":\"required name=search_term_string\"}],\"inLanguage\":\"pt-BR\"},{\"@type\":\"Organization\",\"@id\":\"https:\/\/mestresdaweb.store\/pousadasplus\/#organization\",\"name\":\"V\u00f3 Lina Gramado\",\"url\":\"https:\/\/mestresdaweb.store\/pousadasplus\/\",\"logo\":{\"@type\":\"ImageObject\",\"inLanguage\":\"pt-BR\",\"@id\":\"https:\/\/mestresdaweb.store\/pousadasplus\/#\/schema\/logo\/image\/\",\"url\":\"https:\/\/mestresdaweb.store\/pousadasplus\/wp-content\/uploads\/2022\/07\/WhatsApp-Image-2022-07-07-at-11.01.17.jpeg\",\"contentUrl\":\"https:\/\/mestresdaweb.store\/pousadasplus\/wp-content\/uploads\/2022\/07\/WhatsApp-Image-2022-07-07-at-11.01.17.jpeg\",\"width\":1599,\"height\":899,\"caption\":\"V\u00f3 Lina Gramado\"},\"image\":{\"@id\":\"https:\/\/mestresdaweb.store\/pousadasplus\/#\/schema\/logo\/image\/\"}}]}<\/script>\n<!-- \/ Yoast SEO plugin. -->","yoast_head_json":{"title":"Reservas - Pousadas +","robots":{"index":"index","follow":"follow","max-snippet":"max-snippet:-1","max-image-preview":"max-image-preview:large","max-video-preview":"max-video-preview:-1"},"canonical":"https:\/\/mestresdaweb.store\/pousadasplus\/reservas\/","og_locale":"pt_BR","og_type":"article","og_title":"Reservas - Pousadas +","og_description":"Escolha a data de sua estadia: Por favor, use um browser com suporte a JavaScript. Dura\u00e7\u00e3o: Noite(s) Pessoas: Check-in: Dia \/ M\u00eas \/ Ano Check-out: Dia \/ M\u00eas \/ Ano Reservar agora Estadia com charme e conforto A Hospedagem V\u00f3 Lina fica a 1,9 km do Pal\u00e1cio dos Festivais e da Igreja de S\u00e3o Pedro. &hellip; Reservas Leia mais &raquo;","og_url":"https:\/\/mestresdaweb.store\/pousadasplus\/reservas\/","og_site_name":"Pousadas +","article_modified_time":"2023-12-28T12:36:11+00:00","og_image":[{"url":"https:\/\/mestresdaweb.store\/pousadasplus\/wp-content\/uploads\/elementor\/thumbs\/367464519-pr52djvbqboq727di0agppgfvkfk77nw56ckk4e0u0.jpg"}],"twitter_card":"summary_large_image","twitter_misc":{"Est. tempo de leitura":"4 minutos"},"schema":{"@context":"https:\/\/schema.org","@graph":[{"@type":"WebPage","@id":"https:\/\/mestresdaweb.store\/pousadasplus\/reservas\/","url":"https:\/\/mestresdaweb.store\/pousadasplus\/reservas\/","name":"Reservas - Pousadas +","isPartOf":{"@id":"https:\/\/mestresdaweb.store\/pousadasplus\/#website"},"primaryImageOfPage":{"@id":"https:\/\/mestresdaweb.store\/pousadasplus\/reservas\/#primaryimage"},"image":{"@id":"https:\/\/mestresdaweb.store\/pousadasplus\/reservas\/#primaryimage"},"thumbnailUrl":"https:\/\/mestresdaweb.store\/pousadasplus\/wp-content\/uploads\/elementor\/thumbs\/367464519-pr52djvbqboq727di0agppgfvkfk77nw56ckk4e0u0.jpg","datePublished":"2023-12-28T12:32:48+00:00","dateModified":"2023-12-28T12:36:11+00:00","breadcrumb":{"@id":"https:\/\/mestresdaweb.store\/pousadasplus\/reservas\/#breadcrumb"},"inLanguage":"pt-BR","potentialAction":[{"@type":"ReadAction","target":["https:\/\/mestresdaweb.store\/pousadasplus\/reservas\/"]}]},{"@type":"ImageObject","inLanguage":"pt-BR","@id":"https:\/\/mestresdaweb.store\/pousadasplus\/reservas\/#primaryimage","url":"https:\/\/mestresdaweb.store\/pousadasplus\/wp-content\/uploads\/elementor\/thumbs\/367464519-pr52djvbqboq727di0agppgfvkfk77nw56ckk4e0u0.jpg","contentUrl":"https:\/\/mestresdaweb.store\/pousadasplus\/wp-content\/uploads\/elementor\/thumbs\/367464519-pr52djvbqboq727di0agppgfvkfk77nw56ckk4e0u0.jpg"},{"@type":"BreadcrumbList","@id":"https:\/\/mestresdaweb.store\/pousadasplus\/reservas\/#breadcrumb","itemListElement":[{"@type":"ListItem","position":1,"name":"In\u00edcio","item":"https:\/\/mestresdaweb.store\/pousadasplus\/"},{"@type":"ListItem","position":2,"name":"Reservas"}]},{"@type":"WebSite","@id":"https:\/\/mestresdaweb.store\/pousadasplus\/#website","url":"https:\/\/mestresdaweb.store\/pousadasplus\/","name":"Pousadas +","description":"Site para Pousadas e Hostels","publisher":{"@id":"https:\/\/mestresdaweb.store\/pousadasplus\/#organization"},"potentialAction":[{"@type":"SearchAction","target":{"@type":"EntryPoint","urlTemplate":"https:\/\/mestresdaweb.store\/pousadasplus\/?s={search_term_string}"},"query-input":"required name=search_term_string"}],"inLanguage":"pt-BR"},{"@type":"Organization","@id":"https:\/\/mestresdaweb.store\/pousadasplus\/#organization","name":"V\u00f3 Lina Gramado","url":"https:\/\/mestresdaweb.store\/pousadasplus\/","logo":{"@type":"ImageObject","inLanguage":"pt-BR","@id":"https:\/\/mestresdaweb.store\/pousadasplus\/#\/schema\/logo\/image\/","url":"https:\/\/mestresdaweb.store\/pousadasplus\/wp-content\/uploads\/2022\/07\/WhatsApp-Image-2022-07-07-at-11.01.17.jpeg","contentUrl":"https:\/\/mestresdaweb.store\/pousadasplus\/wp-content\/uploads\/2022\/07\/WhatsApp-Image-2022-07-07-at-11.01.17.jpeg","width":1599,"height":899,"caption":"V\u00f3 Lina Gramado"},"image":{"@id":"https:\/\/mestresdaweb.store\/pousadasplus\/#\/schema\/logo\/image\/"}}]}},"_links":{"self":[{"href":"https:\/\/mestresdaweb.store\/pousadasplus\/wp-json\/wp\/v2\/pages\/404","targetHints":{"allow":["GET"]}}],"collection":[{"href":"https:\/\/mestresdaweb.store\/pousadasplus\/wp-json\/wp\/v2\/pages"}],"about":[{"href":"https:\/\/mestresdaweb.store\/pousadasplus\/wp-json\/wp\/v2\/types\/page"}],"author":[{"embeddable":true,"href":"https:\/\/mestresdaweb.store\/pousadasplus\/wp-json\/wp\/v2\/users\/1"}],"replies":[{"embeddable":true,"href":"https:\/\/mestresdaweb.store\/pousadasplus\/wp-json\/wp\/v2\/comments?post=404"}],"version-history":[{"count":4,"href":"https:\/\/mestresdaweb.store\/pousadasplus\/wp-json\/wp\/v2\/pages\/404\/revisions"}],"predecessor-version":[{"id":408,"href":"https:\/\/mestresdaweb.store\/pousadasplus\/wp-json\/wp\/v2\/pages\/404\/revisions\/408"}],"wp:attachment":[{"href":"https:\/\/mestresdaweb.store\/pousadasplus\/wp-json\/wp\/v2\/media?parent=404"}],"curies":[{"name":"wp","href":"https:\/\/api.w.org\/{rel}","templated":true}]}}