{"id":13,"date":"2023-03-30T11:24:34","date_gmt":"2023-03-30T14:24:34","guid":{"rendered":"https:\/\/mestresdaweb.store\/hospedaplus\/?post_type=product&#038;p=13"},"modified":"2023-04-23T13:29:38","modified_gmt":"2023-04-23T16:29:38","slug":"casa-a-300m-do-mar","status":"publish","type":"product","link":"https:\/\/mestresdaweb.store\/hospedaplus\/imovel\/casa-a-300m-do-mar\/","title":{"rendered":"Edif\u00edcio Marques de Olinda, AP2503"},"content":{"rendered":"<p>Apartamento com vista privilegiada de Balne\u00e1rio Cambori\u00fa. Voc\u00ea estar\u00e1 na melhor localiza\u00e7\u00e3o, pr\u00f3ximo dos melhores bares, restaurantes e pontos tur\u00edsticos da cidade.<\/p>\n<p>Conta com:<br \/>\n1 &#8211; Su\u00edte com cama de casal, tv e ar condicionado<br \/>\n1 &#8211; Dormit\u00f3rio com cama de casal, tv e ar condicionado<br \/>\nSala de estar e jantar com Tv e Wi-Fi<br \/>\nSacada fechada com vista em dire\u00e7\u00e3o para Barra Norte e para ilha das cabras<br \/>\nCozinha completa<br \/>\n\u00c1rea de servi\u00e7o com m\u00e1quina de lavar<br \/>\nBanheiro social<br \/>\nVagas de garagem (ve\u00edculo de grande porte, consultar)<\/p>\n","protected":false},"excerpt":{"rendered":"<p>Apartamento com vista privilegiada de Balne\u00e1rio Cambori\u00fa. Voc\u00ea estar\u00e1 na melhor localiza\u00e7\u00e3o, pr\u00f3ximo dos melhores bares, restaurantes e pontos tur\u00edsticos da cidade. Conta com: 1 &#8211; Su\u00edte com cama de casal, tv e ar condicionado 1 &#8211; Dormit\u00f3rio com cama de casal, tv e ar condicionado Sala de estar e jantar com Tv e Wi-Fi &hellip;<\/p>\n<p class=\"read-more\"> <a class=\"\" href=\"https:\/\/mestresdaweb.store\/hospedaplus\/imovel\/casa-a-300m-do-mar\/\"> <span class=\"screen-reader-text\">Edif\u00edcio Marques de Olinda, AP2503<\/span> Leia mais &raquo;<\/a><\/p>\n","protected":false},"featured_media":349,"comment_status":"open","ping_status":"closed","template":"","meta":{"_acf_changed":false,"site-sidebar-layout":"default","site-content-layout":"default","ast-global-header-display":"","ast-main-header-display":"","ast-hfb-above-header-display":"","ast-hfb-below-header-display":"","ast-hfb-mobile-header-display":"","site-post-title":"","ast-breadcrumbs-content":"","ast-featured-img":"","footer-sml-layout":"","theme-transparent-header-meta":"default","adv-header-id-meta":"","stick-header-meta":"","header-above-stick-meta":"","header-main-stick-meta":"","header-below-stick-meta":""},"product_cat":[16],"product_tag":[],"class_list":["post-13","product","type-product","status-publish","has-post-thumbnail","hentry","product_cat-casas","desktop-align-left","tablet-align-left","mobile-align-left"],"acf":[],"_links":{"self":[{"href":"https:\/\/mestresdaweb.store\/hospedaplus\/wp-json\/wp\/v2\/product\/13","targetHints":{"allow":["GET"]}}],"collection":[{"href":"https:\/\/mestresdaweb.store\/hospedaplus\/wp-json\/wp\/v2\/product"}],"about":[{"href":"https:\/\/mestresdaweb.store\/hospedaplus\/wp-json\/wp\/v2\/types\/product"}],"replies":[{"embeddable":true,"href":"https:\/\/mestresdaweb.store\/hospedaplus\/wp-json\/wp\/v2\/comments?post=13"}],"wp:featuredmedia":[{"embeddable":true,"href":"https:\/\/mestresdaweb.store\/hospedaplus\/wp-json\/wp\/v2\/media\/349"}],"wp:attachment":[{"href":"https:\/\/mestresdaweb.store\/hospedaplus\/wp-json\/wp\/v2\/media?parent=13"}],"wp:term":[{"taxonomy":"product_cat","embeddable":true,"href":"https:\/\/mestresdaweb.store\/hospedaplus\/wp-json\/wp\/v2\/product_cat?post=13"},{"taxonomy":"product_tag","embeddable":true,"href":"https:\/\/mestresdaweb.store\/hospedaplus\/wp-json\/wp\/v2\/product_tag?post=13"}],"curies":[{"name":"wp","href":"https:\/\/api.w.org\/{rel}","templated":true}]}}