{"id":71,"date":"2023-08-14T14:42:30","date_gmt":"2023-08-14T17:42:30","guid":{"rendered":"https:\/\/mestresdaweb.store\/brinquedosplus\/?post_type=product&#038;p=71"},"modified":"2023-12-25T11:17:15","modified_gmt":"2023-12-25T14:17:15","slug":"quadra-de-areia","status":"publish","type":"product","link":"https:\/\/mestresdaweb.store\/brinquedosplus\/produto\/quadra-de-areia\/","title":{"rendered":"Escorregador Infl\u00e1vel"},"content":{"rendered":"<p>Nossas quadras esportivas s\u00e3o projetadas para proporcionar a melhor experi\u00eancia poss\u00edvel. Com instala\u00e7\u00f5es modernas e bem conservadas, voc\u00ea ter\u00e1 a oportunidade de aprimorar suas habilidades, competir com amigos e colegas, ou simplesmente aproveitar momentos de divers\u00e3o esportiva.<\/p>\n","protected":false},"excerpt":{"rendered":"<p>Nossas quadras esportivas s\u00e3o projetadas para proporcionar a melhor experi\u00eancia poss\u00edvel. Com instala\u00e7\u00f5es modernas e bem conservadas, voc\u00ea ter\u00e1 a oportunidade de aprimorar suas habilidades, competir com amigos e colegas, ou simplesmente aproveitar momentos de divers\u00e3o esportiva.<\/p>\n","protected":false},"featured_media":203,"comment_status":"open","ping_status":"closed","template":"","meta":[],"product_cat":[15],"product_tag":[],"class_list":["post-71","product","type-product","status-publish","has-post-thumbnail","hentry","product_cat-sem-categoria"],"_links":{"self":[{"href":"https:\/\/mestresdaweb.store\/brinquedosplus\/wp-json\/wp\/v2\/product\/71","targetHints":{"allow":["GET"]}}],"collection":[{"href":"https:\/\/mestresdaweb.store\/brinquedosplus\/wp-json\/wp\/v2\/product"}],"about":[{"href":"https:\/\/mestresdaweb.store\/brinquedosplus\/wp-json\/wp\/v2\/types\/product"}],"replies":[{"embeddable":true,"href":"https:\/\/mestresdaweb.store\/brinquedosplus\/wp-json\/wp\/v2\/comments?post=71"}],"wp:featuredmedia":[{"embeddable":true,"href":"https:\/\/mestresdaweb.store\/brinquedosplus\/wp-json\/wp\/v2\/media\/203"}],"wp:attachment":[{"href":"https:\/\/mestresdaweb.store\/brinquedosplus\/wp-json\/wp\/v2\/media?parent=71"}],"wp:term":[{"taxonomy":"product_cat","embeddable":true,"href":"https:\/\/mestresdaweb.store\/brinquedosplus\/wp-json\/wp\/v2\/product_cat?post=71"},{"taxonomy":"product_tag","embeddable":true,"href":"https:\/\/mestresdaweb.store\/brinquedosplus\/wp-json\/wp\/v2\/product_tag?post=71"}],"curies":[{"name":"wp","href":"https:\/\/api.w.org\/{rel}","templated":true}]}}