{"id":44,"date":"2023-08-11T10:31:11","date_gmt":"2023-08-11T13:31:11","guid":{"rendered":"https:\/\/mestresdaweb.store\/brinquedosplus\/?post_type=product&#038;p=44"},"modified":"2023-12-25T11:18:44","modified_gmt":"2023-12-25T14:18:44","slug":"quadra-de-futsal","status":"publish","type":"product","link":"https:\/\/mestresdaweb.store\/brinquedosplus\/produto\/quadra-de-futsal\/","title":{"rendered":"Castelo Infl\u00e1vel"},"content":{"rendered":"<p>Nossas quadras esportivas s\u00e3o projetadas para proporcionar a melhor experi\u00eancia poss\u00edvel. Com instala\u00e7\u00f5es modernas e bem conservadas, voc\u00ea ter\u00e1 a oportunidade de aprimorar suas habilidades, competir com amigos e colegas, ou simplesmente aproveitar momentos de divers\u00e3o esportiva.<\/p>\n","protected":false},"excerpt":{"rendered":"<p>Nossas quadras esportivas s\u00e3o projetadas para proporcionar a melhor experi\u00eancia poss\u00edvel. Com instala\u00e7\u00f5es modernas e bem conservadas, voc\u00ea ter\u00e1 a oportunidade de aprimorar suas habilidades, competir com amigos e colegas, ou simplesmente aproveitar momentos de divers\u00e3o esportiva.<\/p>\n","protected":false},"featured_media":205,"comment_status":"open","ping_status":"closed","template":"","meta":[],"product_cat":[15],"product_tag":[],"class_list":["post-44","product","type-product","status-publish","has-post-thumbnail","hentry","product_cat-sem-categoria"],"_links":{"self":[{"href":"https:\/\/mestresdaweb.store\/brinquedosplus\/wp-json\/wp\/v2\/product\/44","targetHints":{"allow":["GET"]}}],"collection":[{"href":"https:\/\/mestresdaweb.store\/brinquedosplus\/wp-json\/wp\/v2\/product"}],"about":[{"href":"https:\/\/mestresdaweb.store\/brinquedosplus\/wp-json\/wp\/v2\/types\/product"}],"replies":[{"embeddable":true,"href":"https:\/\/mestresdaweb.store\/brinquedosplus\/wp-json\/wp\/v2\/comments?post=44"}],"wp:featuredmedia":[{"embeddable":true,"href":"https:\/\/mestresdaweb.store\/brinquedosplus\/wp-json\/wp\/v2\/media\/205"}],"wp:attachment":[{"href":"https:\/\/mestresdaweb.store\/brinquedosplus\/wp-json\/wp\/v2\/media?parent=44"}],"wp:term":[{"taxonomy":"product_cat","embeddable":true,"href":"https:\/\/mestresdaweb.store\/brinquedosplus\/wp-json\/wp\/v2\/product_cat?post=44"},{"taxonomy":"product_tag","embeddable":true,"href":"https:\/\/mestresdaweb.store\/brinquedosplus\/wp-json\/wp\/v2\/product_tag?post=44"}],"curies":[{"name":"wp","href":"https:\/\/api.w.org\/{rel}","templated":true}]}}